{"id":284,"date":"2022-12-16T12:15:00","date_gmt":"2022-12-16T11:15:00","guid":{"rendered":"https:\/\/artcube.webdezign.se\/?page_id=284"},"modified":"2023-01-17T11:55:20","modified_gmt":"2023-01-17T10:55:20","slug":"hem","status":"publish","type":"page","link":"https:\/\/artcube.webdezign.se\/sv\/","title":{"rendered":"Startsida"},"content":{"rendered":"<p><div class=\"fusion-fullwidth fullwidth-box fusion-builder-row-1 fusion-flex-container has-pattern-background has-mask-background hundred-percent-fullwidth non-hundred-percent-height-scrolling\" style=\"--awb-border-radius-top-left:0px;--awb-border-radius-top-right:0px;--awb-border-radius-bottom-right:0px;--awb-border-radius-bottom-left:0px;--awb-padding-right:0px;--awb-padding-left:0px;--awb-padding-right-medium:0px;--awb-padding-left-medium:0px;--awb-padding-right-small:0px;--awb-padding-left-small:0px;\" ><div class=\"fusion-builder-row fusion-row fusion-flex-align-items-stretch\" style=\"width:calc( 100% + 0px ) !important;max-width:calc( 100% + 0px ) !important;margin-left: calc(-0px \/ 2 );margin-right: calc(-0px \/ 2 );\"><div class=\"fusion-layout-column fusion_builder_column fusion-builder-column-0 fusion_builder_column_1_2 1_2 fusion-flex-column\" style=\"--awb-padding-top:5%;--awb-padding-right:7%;--awb-padding-bottom:5%;--awb-padding-left:7%;--awb-padding-right-small:15px;--awb-padding-left-small:15px;--awb-bg-color:#ededed;--awb-bg-image:url(&#039;https:\/\/artcube.webdezign.se\/wp-content\/uploads\/2023\/01\/concrete_wall_2.png&#039;);--awb-bg-position:center center;--awb-bg-repeat:repeat;--awb-width-large:50%;--awb-spacing-right-large:0px;--awb-margin-bottom-large:0px;--awb-spacing-left-large:0px;--awb-width-medium:100%;--awb-order-medium:0;--awb-spacing-right-medium:0px;--awb-spacing-left-medium:0px;--awb-width-small:100%;--awb-order-small:0;--awb-spacing-right-small:0px;--awb-spacing-left-small:0px;\"><div class=\"fusion-column-wrapper fusion-column-has-shadow fusion-flex-justify-content-center fusion-content-layout-column\" data-bg-url=\"https:\/\/artcube.webdezign.se\/wp-content\/uploads\/2023\/01\/concrete_wall_2.png\"><div class=\"fusion-title title fusion-title-1 fusion-sep-none fusion-title-text fusion-title-size-one\" style=\"--awb-margin-bottom:0px;--awb-margin-bottom-small:0px;\"><h1 class=\"title-heading-left fusion-responsive-typography-calculated\" style=\"margin:0;--fontSize:46;line-height:var(--awb-typography1-line-height);\">Art Cube Europe<\/h1><\/div><div class=\"fusion-separator\" style=\"align-self: flex-start;margin-right:auto;margin-top:12px;margin-bottom:12px;width:100%;max-width:90px;\"><div class=\"fusion-separator-border sep-single sep-solid\" style=\"border-color:#00078a;border-top-width:1px;\"><\/div><\/div><div class=\"fusion-text fusion-text-1\"><p>Marknadens mest h\u00f6gklassiga paraffin till \u00f6verkomliga priser utan att kompromissa med kvaliteten.<\/p>\n<p>Ledande inom paraffin, det \u00e4r vi. Redan fr\u00e5n b\u00f6rjan str\u00e4vade vi efter att f\u00f6rse v\u00e5ra kunder med paraffin av h\u00f6gsta kvalitet till \u00f6verkomliga priser. Och vi lyckades! Vi har handlat med paraffinvax fr\u00e5n Turkiet sedan 2015, och finns idag i Turkiet, Tyskland och Rum\u00e4nien. Nu tar vi ytterligare ett steg f\u00f6r att ut\u00f6ka v\u00e5r verksamhet globalt och s\u00e4tter ett s\u00e4te i Sverige. Med tiden har vi diversifierat utbudet av marknadsf\u00f6rt paraffin genom att ing\u00e5 kontrakt med de st\u00f6rsta profilraffinaderierna fr\u00e5n Europa och Asien. F\u00f6r n\u00e4rvarande i v\u00e5r produktportf\u00f6lj har vi mer \u00e4n ett dussin typer av paraffin f\u00f6r olika applikationer s\u00e5som ljustillverkning, vaxpapper, polermedel, kosmetika, medicinska salvor, batterier, f\u00e4rg- och lackborttagningsmedel , vattent\u00e4t bel\u00e4ggning f\u00f6r tr\u00e4, t\u00e4ndsticksindustri, korrosionsskydd, mat- och chokladpolering, PVC-sm\u00f6rjmedel.<\/p>\n<p>Med v\u00e5r m\u00e5ng\u00e5riga erfarenhet, v\u00e5ra forsknings- och utvecklingsanl\u00e4ggningar och regelbundna leveranser fr\u00e5n d\u00f6rr till d\u00f6rr bidrar vi i h\u00f6g grad till v\u00e5ra kunders tillverkningsprocesser.<\/p>\n<\/div><\/div><\/div><div class=\"fusion-layout-column fusion_builder_column fusion-builder-column-1 fusion_builder_column_1_2 1_2 fusion-flex-column\" style=\"--awb-padding-right:5%;--awb-padding-left:5%;--awb-padding-right-small:15px;--awb-padding-left-small:15px;--awb-bg-color:#010101;--awb-bg-size:cover;--awb-width-large:50%;--awb-spacing-right-large:0px;--awb-margin-bottom-large:0px;--awb-spacing-left-large:0px;--awb-width-medium:100%;--awb-order-medium:1;--awb-spacing-right-medium:0px;--awb-spacing-left-medium:0px;--awb-width-small:100%;--awb-order-small:1;--awb-spacing-right-small:0px;--awb-spacing-left-small:0px;\"><div class=\"fusion-column-wrapper fusion-column-has-shadow fusion-flex-justify-content-center fusion-content-layout-column\"><div class=\"fusion-image-element \" style=\"text-align:center;\"><span class=\" fusion-imageframe imageframe-none imageframe-1 hover-type-none\"><img decoding=\"async\" width=\"1024\" height=\"768\" src=\"https:\/\/artcube.webdezign.se\/wp-content\/uploads\/2023\/01\/art-cube-paraffin-2.jpg\" alt class=\"img-responsive wp-image-535\" srcset=\"https:\/\/artcube.webdezign.se\/wp-content\/uploads\/2023\/01\/art-cube-paraffin-2-200x150.jpg 200w, https:\/\/artcube.webdezign.se\/wp-content\/uploads\/2023\/01\/art-cube-paraffin-2-400x300.jpg 400w, https:\/\/artcube.webdezign.se\/wp-content\/uploads\/2023\/01\/art-cube-paraffin-2-600x450.jpg 600w, https:\/\/artcube.webdezign.se\/wp-content\/uploads\/2023\/01\/art-cube-paraffin-2-800x600.jpg 800w, https:\/\/artcube.webdezign.se\/wp-content\/uploads\/2023\/01\/art-cube-paraffin-2.jpg 1024w\" sizes=\"(max-width: 640px) 100vw, 600px\" \/><\/span><\/div><\/div><\/div><\/div><\/div><div class=\"fusion-fullwidth fullwidth-box fusion-builder-row-2 fusion-flex-container has-pattern-background has-mask-background nonhundred-percent-fullwidth non-hundred-percent-height-scrolling\" style=\"--awb-border-radius-top-left:0px;--awb-border-radius-top-right:0px;--awb-border-radius-bottom-right:0px;--awb-border-radius-bottom-left:0px;--awb-padding-top:40px;--awb-padding-bottom:40px;--awb-padding-right-small:15px;--awb-padding-left-small:15px;--awb-background-color:var(--awb-color4);\" ><div class=\"fusion-builder-row fusion-row fusion-flex-align-items-stretch\" style=\"max-width:1248px;margin-left: calc(-4% \/ 2 );margin-right: calc(-4% \/ 2 );\"><div class=\"fusion-layout-column fusion_builder_column fusion-builder-column-2 fusion-flex-column fusion-no-small-visibility fusion-no-medium-visibility\" style=\"--awb-bg-size:cover;--awb-width-large:15%;--awb-spacing-right-large:12.8%;--awb-margin-bottom-large:0px;--awb-spacing-left-large:12.8%;--awb-width-medium:15%;--awb-order-medium:0;--awb-spacing-right-medium:12.8%;--awb-spacing-left-medium:12.8%;--awb-width-small:100%;--awb-order-small:0;--awb-spacing-right-small:1.92%;--awb-spacing-left-small:1.92%;\"><div class=\"fusion-column-wrapper fusion-column-has-shadow fusion-flex-justify-content-flex-start fusion-content-layout-column\"><\/div><\/div><div class=\"fusion-layout-column fusion_builder_column fusion-builder-column-3 fusion-flex-column\" style=\"--awb-padding-top:0%;--awb-padding-right:5%;--awb-padding-bottom:4%;--awb-padding-left:5%;--awb-bg-size:cover;--awb-border-color:#00078a;--awb-border-top:2px;--awb-border-right:2px;--awb-border-bottom:2px;--awb-border-left:2px;--awb-border-style:solid;--awb-width-large:70%;--awb-spacing-right-large:2.7428571428571%;--awb-margin-bottom-large:0px;--awb-spacing-left-large:2.7428571428571%;--awb-width-medium:100%;--awb-order-medium:0;--awb-spacing-right-medium:1.92%;--awb-spacing-left-medium:1.92%;--awb-width-small:100%;--awb-order-small:0;--awb-spacing-right-small:1.92%;--awb-spacing-left-small:1.92%;\"><div class=\"fusion-column-wrapper fusion-column-has-shadow fusion-flex-justify-content-center fusion-content-layout-column\"><div class=\"fusion-lottie fusion-lottie-1\" data-id=\"1\" style=\"--awb-margin-top:-60px;--awb-margin-bottom:-80px;--awb-max-width:350px;--awb-width:100%;\"><div class=\"fusion-lottie-animation lg-mx-auto lg-mx-auto md-mx-auto sm-mx-auto\" data-path=\"https:\/\/artcube.webdezign.se\/wp-content\/uploads\/2023\/01\/art-cube-lottie-cubes-blue.json\" data-loop=\"1\" data-reverse=\"0\" data-speed=\"0.5\" data-trigger=\"viewport\" data-animationoffset=\"top-into-view\"><\/div><\/div><div class=\"fusion-title title fusion-title-2 fusion-sep-none fusion-title-center fusion-title-text fusion-title-size-two\" style=\"--awb-text-color:#bbbcbc;--awb-margin-top:0px;--awb-margin-top-small:0px;--awb-margin-top-medium:0px;--awb-font-size:48px;\"><h2 class=\"title-heading-center fusion-responsive-typography-calculated\" style=\"margin:0;font-size:1em;--fontSize:48;line-height:var(--awb-typography1-line-height);\">Produkter<\/h2><\/div><div class=\"fusion-text fusion-text-2\" style=\"--awb-text-color:#bbbcbc;\"><p style=\"text-align: center;\">Vi erbjuder ett brett utbud av helraffinerat och halvraffinerat paraffinvax. I v\u00e5r produktportf\u00f6lj har vi paraffin f\u00f6r ljus, biodling, livsmedelsindustri och andra specifika applikationer.<\/p>\n<\/div><\/div><\/div><div class=\"fusion-layout-column fusion_builder_column fusion-builder-column-4 fusion-flex-column fusion-no-small-visibility fusion-no-medium-visibility\" style=\"--awb-bg-size:cover;--awb-width-large:15%;--awb-spacing-right-large:12.8%;--awb-margin-bottom-large:0px;--awb-spacing-left-large:12.8%;--awb-width-medium:15%;--awb-order-medium:0;--awb-spacing-right-medium:12.8%;--awb-spacing-left-medium:12.8%;--awb-width-small:100%;--awb-order-small:0;--awb-spacing-right-small:1.92%;--awb-spacing-left-small:1.92%;\"><div class=\"fusion-column-wrapper fusion-column-has-shadow fusion-flex-justify-content-flex-start fusion-content-layout-column\"><\/div><\/div><\/div><\/div><div class=\"fusion-fullwidth fullwidth-box fusion-builder-row-3 fusion-flex-container has-pattern-background has-mask-background nonhundred-percent-fullwidth non-hundred-percent-height-scrolling\" style=\"--awb-border-radius-top-left:0px;--awb-border-radius-top-right:0px;--awb-border-radius-bottom-right:0px;--awb-border-radius-bottom-left:0px;--awb-padding-top:60px;--awb-padding-bottom:40px;--awb-padding-right-small:15px;--awb-padding-left-small:15px;\" ><div class=\"fusion-builder-row fusion-row fusion-flex-align-items-flex-start\" style=\"max-width:calc( 1200px + 20px );margin-left: calc(-20px \/ 2 );margin-right: calc(-20px \/ 2 );\"><div class=\"fusion-layout-column fusion_builder_column fusion-builder-column-5 fusion-flex-column fusion-no-small-visibility fusion-no-medium-visibility\" style=\"--awb-bg-size:cover;--awb-width-large:15%;--awb-spacing-right-large:10px;--awb-margin-bottom-large:0px;--awb-spacing-left-large:10px;--awb-width-medium:15%;--awb-order-medium:0;--awb-spacing-right-medium:10px;--awb-spacing-left-medium:10px;--awb-width-small:100%;--awb-order-small:0;--awb-spacing-right-small:10px;--awb-spacing-left-small:10px;\"><div class=\"fusion-column-wrapper fusion-column-has-shadow fusion-flex-justify-content-flex-start fusion-content-layout-column\"><\/div><\/div><div class=\"fusion-layout-column fusion_builder_column fusion-builder-column-6 fusion-flex-column\" style=\"--awb-bg-size:cover;--awb-width-large:70%;--awb-spacing-right-large:10px;--awb-spacing-left-large:10px;--awb-width-medium:100%;--awb-order-medium:0;--awb-spacing-right-medium:10px;--awb-spacing-left-medium:10px;--awb-width-small:100%;--awb-order-small:0;--awb-spacing-right-small:10px;--awb-spacing-left-small:10px;\"><div class=\"fusion-column-wrapper fusion-column-has-shadow fusion-flex-justify-content-flex-start fusion-content-layout-column\"><div class=\"fusion-title title fusion-title-3 fusion-sep-none fusion-title-center fusion-title-text fusion-title-size-three\" style=\"--awb-margin-bottom:40px;\"><h3 class=\"title-heading-center fusion-responsive-typography-calculated\" style=\"margin:0;--fontSize:30;line-height:var(--awb-typography1-line-height);\">F\u00f6r mer information, skicka kontaktf\u00f6rfr\u00e5gan!<\/h3><\/div><div class=\"wpcf7 no-js\" id=\"wpcf7-f458-o1\" lang=\"en-US\" dir=\"ltr\">\n<div class=\"screen-reader-response\"><p role=\"status\" aria-live=\"polite\" aria-atomic=\"true\"><\/p> <ul><\/ul><\/div>\n<form action=\"\/sv\/wp-json\/wp\/v2\/pages\/284#wpcf7-f458-o1\" method=\"post\" class=\"wpcf7-form init\" aria-label=\"Contact form\" novalidate=\"novalidate\" data-status=\"init\">\n<div style=\"display: none;\">\n<input type=\"hidden\" name=\"_wpcf7\" value=\"458\" \/>\n<input type=\"hidden\" name=\"_wpcf7_version\" value=\"5.7.2\" \/>\n<input type=\"hidden\" name=\"_wpcf7_locale\" value=\"en_US\" \/>\n<input type=\"hidden\" name=\"_wpcf7_unit_tag\" value=\"wpcf7-f458-o1\" \/>\n<input type=\"hidden\" name=\"_wpcf7_container_post\" value=\"0\" \/>\n<input type=\"hidden\" name=\"_wpcf7_posted_data_hash\" value=\"\" \/>\n<\/div>\n<div style=\"margin-bottom: 28px;\" class=\"fusion-one-half fusion-layout-column fusion-spacing-yes\">\n\t<p><label><span class=\"wpcf7-form-control-wrap\" data-name=\"your-name\"><input size=\"40\" class=\"wpcf7-form-control wpcf7-text wpcf7-validates-as-required\" aria-required=\"true\" aria-invalid=\"false\" placeholder=\"Namn*\" value=\"\" type=\"text\" name=\"your-name\" \/><\/span><\/label>\n\t<\/p>\n<\/div>\n<div style=\"margin-bottom: 28px;\" class=\"fusion-one-half fusion-layout-column fusion-column-last fusion-spacing-yes\">\n\t<p><label><span class=\"wpcf7-form-control-wrap\" data-name=\"your-email\"><input size=\"40\" class=\"wpcf7-form-control wpcf7-text wpcf7-email wpcf7-validates-as-required wpcf7-validates-as-email\" aria-required=\"true\" aria-invalid=\"false\" placeholder=\"E-post*\" value=\"\" type=\"email\" name=\"your-email\" \/><\/span><\/label>\n\t<\/p>\n<\/div>\n<div style=\"margin-bottom: 28px;\" class=\"fusion-one-half fusion-layout-column fusion-spacing-yes\">\n\t<p><label><span class=\"wpcf7-form-control-wrap\" data-name=\"your-phone\"><input size=\"40\" class=\"wpcf7-form-control wpcf7-text wpcf7-tel wpcf7-validates-as-required wpcf7-validates-as-tel\" aria-required=\"true\" aria-invalid=\"false\" placeholder=\"Telefon*\" value=\"\" type=\"tel\" name=\"your-phone\" \/><\/span><\/label>\n\t<\/p>\n<\/div>\n<div style=\"margin-bottom: 28px;\" class=\"fusion-one-half fusion-layout-column fusion-column-last fusion-spacing-yes\">\n\t<p><label><span class=\"wpcf7-form-control-wrap\" data-name=\"your-subject\"><input size=\"40\" class=\"wpcf7-form-control wpcf7-text wpcf7-validates-as-required\" aria-required=\"true\" aria-invalid=\"false\" placeholder=\"\u00c4mne*\" value=\"\" type=\"text\" name=\"your-subject\" \/><\/span><\/label>\n\t<\/p>\n<\/div>\n<div style=\"margin-bottom: 14px;\" class=\"fusion-one-full fusion-column-last fusion-spacing-yes\">\n\t<p><label><span class=\"wpcf7-form-control-wrap\" data-name=\"your-message\"><textarea cols=\"40\" rows=\"10\" class=\"wpcf7-form-control wpcf7-textarea wpcf7-validates-as-required\" aria-required=\"true\" aria-invalid=\"false\" placeholder=\"Ditt meddelande*\" name=\"your-message\"><\/textarea><\/span><\/label>\n\t<\/p>\n<\/div>\n<div style=\"margin-bottom: 14px;\" class=\"fusion-one-full fusion-column-last fusion-spacing-yes\">\n\t<p><label><span class=\"wpcf7-form-control-wrap\" data-name=\"acceptance-597\"><span class=\"wpcf7-form-control wpcf7-acceptance\"><span class=\"wpcf7-list-item\"><label><input type=\"checkbox\" name=\"acceptance-597\" value=\"1\" aria-invalid=\"false\" \/><span class=\"wpcf7-list-item-label\">Jag godk\u00e4nner Art Cube Europes <a href=\"https:\/\/artcube.webdezign.se\/sv\/integritetspolicy\/\" target=\"_blank\" rel=\"noopener\">integritetspolicy<\/a>.*<\/span><\/label><\/span><\/span><\/span><\/label>\n\t<\/p>\n<\/div>\n<div style=\"margin-bottom: 15px;\" class=\"fusion-one-half fusion-layout-column fusion-spacing-yes\">\n\t<p><label><input class=\"wpcf7-form-control has-spinner wpcf7-submit\" type=\"submit\" value=\"Skicka\" \/><\/label>\n\t<\/p>\n<\/div>\n<div style=\"margin-bottom: 15px;\" class=\"fusion-one-half fusion-layout-column fusion-column-last fusion-spacing-yes\">\n\t<p><label><\/label>\n\t<\/p>\n<\/div><div class=\"fusion-alert alert custom alert-custom fusion-alert-center wpcf7-response-output alert-dismissable\" style=\"--awb-border-size:1px;\" role=\"alert\"><div class=\"fusion-alert-content-wrapper\"><span class=\"fusion-alert-content\"><\/span><\/div><button type=\"button\" class=\"close toggle-alert\" data-dismiss=\"alert\" aria-label=\"Close\">&times;<\/button><\/div><\/form><\/div><\/div><\/div><div class=\"fusion-layout-column fusion_builder_column fusion-builder-column-7 fusion-flex-column fusion-no-small-visibility fusion-no-medium-visibility\" style=\"--awb-bg-size:cover;--awb-width-large:15%;--awb-spacing-right-large:10px;--awb-margin-bottom-large:0px;--awb-spacing-left-large:10px;--awb-width-medium:15%;--awb-order-medium:0;--awb-spacing-right-medium:10px;--awb-spacing-left-medium:10px;--awb-width-small:100%;--awb-order-small:0;--awb-spacing-right-small:10px;--awb-spacing-left-small:10px;\"><div class=\"fusion-column-wrapper fusion-column-has-shadow fusion-flex-justify-content-flex-start fusion-content-layout-column\"><\/div><\/div><\/div><\/div><\/p>\n","protected":false},"excerpt":{"rendered":"","protected":false},"author":1,"featured_media":0,"parent":0,"menu_order":0,"comment_status":"closed","ping_status":"closed","template":"100-width.php","meta":[],"_links":{"self":[{"href":"https:\/\/artcube.webdezign.se\/sv\/wp-json\/wp\/v2\/pages\/284"}],"collection":[{"href":"https:\/\/artcube.webdezign.se\/sv\/wp-json\/wp\/v2\/pages"}],"about":[{"href":"https:\/\/artcube.webdezign.se\/sv\/wp-json\/wp\/v2\/types\/page"}],"author":[{"embeddable":true,"href":"https:\/\/artcube.webdezign.se\/sv\/wp-json\/wp\/v2\/users\/1"}],"replies":[{"embeddable":true,"href":"https:\/\/artcube.webdezign.se\/sv\/wp-json\/wp\/v2\/comments?post=284"}],"version-history":[{"count":15,"href":"https:\/\/artcube.webdezign.se\/sv\/wp-json\/wp\/v2\/pages\/284\/revisions"}],"predecessor-version":[{"id":562,"href":"https:\/\/artcube.webdezign.se\/sv\/wp-json\/wp\/v2\/pages\/284\/revisions\/562"}],"wp:attachment":[{"href":"https:\/\/artcube.webdezign.se\/sv\/wp-json\/wp\/v2\/media?parent=284"}],"curies":[{"name":"wp","href":"https:\/\/api.w.org\/{rel}","templated":true}]}}