{"id":504,"date":"2023-01-16T07:46:56","date_gmt":"2023-01-16T06:46:56","guid":{"rendered":"https:\/\/artcube.webdezign.se\/?page_id=504"},"modified":"2023-01-17T12:00:27","modified_gmt":"2023-01-17T11:00:27","slug":"integritetspolicy","status":"publish","type":"page","link":"https:\/\/artcube.webdezign.se\/sv\/integritetspolicy\/","title":{"rendered":"Integritetspolicy"},"content":{"rendered":"<div class=\"fusion-fullwidth fullwidth-box fusion-builder-row-1 fusion-flex-container has-pattern-background has-mask-background fusion-parallax-none nonhundred-percent-fullwidth non-hundred-percent-height-scrolling\" style=\"--awb-background-repeat:repeat;--awb-border-radius-top-left:0px;--awb-border-radius-top-right:0px;--awb-border-radius-bottom-right:0px;--awb-border-radius-bottom-left:0px;--awb-padding-top:55px;--awb-padding-bottom:40px;--awb-background-image:url(&quot;https:\/\/artcube.webdezign.se\/wp-content\/uploads\/2023\/01\/concrete_wall_2.png&quot;);\" ><div class=\"fusion-builder-row fusion-row fusion-flex-align-items-flex-start\" style=\"max-width:1248px;margin-left: calc(-4% \/ 2 );margin-right: calc(-4% \/ 2 );\"><div class=\"fusion-layout-column fusion_builder_column fusion-builder-column-0 fusion-flex-column fusion-no-small-visibility fusion-no-medium-visibility\" style=\"--awb-bg-size:cover;--awb-width-large:15%;--awb-spacing-right-large:12.8%;--awb-spacing-left-large:12.8%;--awb-width-medium:15%;--awb-order-medium:0;--awb-spacing-right-medium:12.8%;--awb-spacing-left-medium:12.8%;--awb-width-small:100%;--awb-order-small:0;--awb-spacing-right-small:1.92%;--awb-spacing-left-small:1.92%;\"><div class=\"fusion-column-wrapper fusion-column-has-shadow fusion-flex-justify-content-flex-start fusion-content-layout-column\"><\/div><\/div><div class=\"fusion-layout-column fusion_builder_column fusion-builder-column-1 fusion-flex-column\" style=\"--awb-padding-right-small:15px;--awb-padding-left-small:15px;--awb-bg-size:cover;--awb-width-large:70%;--awb-spacing-right-large:2.7428571428571%;--awb-spacing-left-large:2.7428571428571%;--awb-width-medium:100%;--awb-order-medium:0;--awb-spacing-right-medium:1.92%;--awb-spacing-left-medium:1.92%;--awb-width-small:100%;--awb-order-small:0;--awb-spacing-right-small:1.92%;--awb-spacing-left-small:1.92%;\"><div class=\"fusion-column-wrapper fusion-column-has-shadow fusion-flex-justify-content-flex-start fusion-content-layout-column\"><div class=\"fusion-title title fusion-title-1 fusion-sep-none fusion-title-text fusion-title-size-one\" style=\"--awb-margin-bottom:0px;--awb-margin-bottom-small:0px;--awb-font-size:40px;\"><h1 class=\"title-heading-left fusion-responsive-typography-calculated\" style=\"margin:0;font-size:1em;--fontSize:40;line-height:var(--awb-typography1-line-height);\">Integritetspolicy<\/h1><\/div><div class=\"fusion-separator\" style=\"align-self: flex-start;margin-right:auto;margin-top:12px;margin-bottom:12px;width:100%;max-width:90px;\"><div class=\"fusion-separator-border sep-single sep-solid\" style=\"border-color:#00078a;border-top-width:1px;\"><\/div><\/div><div class=\"fusion-text fusion-text-1\" style=\"--awb-text-transform:none;\"><p>Art Cube \u00e4r m\u00e5na om att skydda och respektera din integritet, och vi anv\u00e4nder endast personuppgifter till att skicka information till dig som vi tror \u00e4r intressant f\u00f6r dig. I de sammanhang d\u00e4r personuppgifter eller annan viktig information kan komma att behandlas av Art Cube, eller av n\u00e5gon annan f\u00f6r Art Cubes r\u00e4kning, vidtas l\u00e4mpliga \u00e5tg\u00e4rder f\u00f6r att skydda kunduppgifter fr\u00e5n obeh\u00f6rig \u00e5tkomst, vidarespridning, \u00e4ndring och f\u00f6rst\u00f6relse.<\/p>\n<p>Med denna policy vill vi informera dig n\u00e4rmare om hur vi p\u00e5 olika s\u00e4tt tillvaratar ditt ber\u00e4ttigade intresse av integritetsskydd. H\u00e4r f\u00e5r du veta mer om hur vi behandlar dina personuppgifter, hur vi hanterar och skyddar den digitala kommunikationen p\u00e5 v\u00e5r webbplats samt hur du kan g\u00e5 tillv\u00e4ga om du vill framf\u00f6ra synpunkter eller klagom\u00e5l till oss.<\/p>\n<\/div><div class=\"fusion-title title fusion-title-2 fusion-sep-none fusion-title-text fusion-title-size-two\" style=\"--awb-margin-bottom:0px;--awb-margin-bottom-small:0px;--awb-font-size:40px;\"><h2 class=\"title-heading-left fusion-responsive-typography-calculated\" style=\"margin:0;font-size:1em;--fontSize:40;line-height:var(--awb-typography1-line-height);\">Informationsskydd<\/h2><\/div><div class=\"fusion-separator\" style=\"align-self: flex-start;margin-right:auto;margin-top:12px;margin-bottom:12px;width:100%;max-width:90px;\"><div class=\"fusion-separator-border sep-single sep-solid\" style=\"border-color:#00078a;border-top-width:1px;\"><\/div><\/div><div class=\"fusion-text fusion-text-2\" style=\"--awb-text-transform:none;\"><p>Vi vidtar s\u00e5 omfattande s\u00e4kerhets\u00e5tg\u00e4rder som m\u00f6jligt f\u00f6r att skydda dina personliga uppgifter och f\u00f6ljer de standardavtalsklausuler som EU-kommissionen har tagit fram. Standardavtalsklausulerna inneh\u00e5ller skyldigheter f\u00f6r de personer som ansvarar f\u00f6r och hanterar personliga uppgifter. Klausulerna reglerar \u00e4ven fr\u00e5gor som de registrerade individernas r\u00e4ttigheter och hur eventuella tvister kring avtalet ska l\u00f6sas.<\/p>\n<\/div><div class=\"fusion-title title fusion-title-3 fusion-sep-none fusion-title-text fusion-title-size-two\" style=\"--awb-margin-bottom:0px;--awb-margin-bottom-small:0px;--awb-font-size:40px;\"><h2 class=\"title-heading-left fusion-responsive-typography-calculated\" style=\"margin:0;font-size:1em;--fontSize:40;line-height:var(--awb-typography1-line-height);\">\u00c4ndam\u00e5len med behandlingen av personuppgifterna<\/h2><\/div><div class=\"fusion-separator\" style=\"align-self: flex-start;margin-right:auto;margin-top:12px;margin-bottom:12px;width:100%;max-width:90px;\"><div class=\"fusion-separator-border sep-single sep-solid\" style=\"border-color:#00078a;border-top-width:1px;\"><\/div><\/div><div class=\"fusion-text fusion-text-3\" style=\"--awb-text-transform:none;\"><p>Art Cube behandlar personuppgifter som \u00e4r n\u00f6dv\u00e4ndiga f\u00f6r att utf\u00f6ra de tj\u00e4nster Art Cube erbjuder v\u00e5ra kunder och samarbetspartners. Vi anv\u00e4nder oss \u00e4ven av personuppgifter f\u00f6r att kunna kontakta de personer som tagit en f\u00f6rsta kontakt med Art Cube.<\/p>\n<\/div><div class=\"fusion-title title fusion-title-4 fusion-sep-none fusion-title-text fusion-title-size-two\" style=\"--awb-margin-bottom:0px;--awb-margin-bottom-small:0px;--awb-font-size:40px;\"><h2 class=\"title-heading-left fusion-responsive-typography-calculated\" style=\"margin:0;font-size:1em;--fontSize:40;line-height:var(--awb-typography1-line-height);\">Kontaktformul\u00e4r<\/h2><\/div><div class=\"fusion-separator\" style=\"align-self: flex-start;margin-right:auto;margin-top:12px;margin-bottom:12px;width:100%;max-width:90px;\"><div class=\"fusion-separator-border sep-single sep-solid\" style=\"border-color:#00078a;border-top-width:1px;\"><\/div><\/div><div class=\"fusion-text fusion-text-4\" style=\"--awb-text-transform:none;\"><p>N\u00e4r du skickar in din information via kontaktformul\u00e4r p\u00e5 webbplatsen samlar vi in de uppgifter som anges i kontaktformul\u00e4ret lagras endast f\u00f6r \u00e4ndam\u00e5let att kontakta er eller registrera er som anv\u00e4ndare. Vilket av syftena lagringen \u00e4r f\u00f6r dessa uppgifter framg\u00e5r tydligt vid den acceptans som ni givit d\u00e5 ni anv\u00e4nt er av kontaktformul\u00e4ret.<\/p>\n<\/div><div class=\"fusion-title title fusion-title-5 fusion-sep-none fusion-title-text fusion-title-size-two\" style=\"--awb-margin-bottom:0px;--awb-margin-bottom-small:0px;--awb-font-size:40px;\"><h2 class=\"title-heading-left fusion-responsive-typography-calculated\" style=\"margin:0;font-size:1em;--fontSize:40;line-height:var(--awb-typography1-line-height);\">R\u00e4ttslig grund f\u00f6r behandling av personuppgifter<\/h2><\/div><div class=\"fusion-separator\" style=\"align-self: flex-start;margin-right:auto;margin-top:12px;margin-bottom:12px;width:100%;max-width:90px;\"><div class=\"fusion-separator-border sep-single sep-solid\" style=\"border-color:#00078a;border-top-width:1px;\"><\/div><\/div><div class=\"fusion-text fusion-text-5\" style=\"--awb-text-transform:none;\"><p>Vi h\u00e4mtar alltid in ditt godk\u00e4nnande n\u00e4r du l\u00e4mnar ifr\u00e5n dig n\u00e5gon form av personuppgifter eller andra uppgifter som kan anv\u00e4ndas f\u00f6r att identifiera vem du \u00e4r. Den r\u00e4ttsliga grunden f\u00f6r att h\u00e4mta in och behandla informationen \u00e4r:<\/p>\n<ul>\n<li>att du gett ditt samtycke.<\/li>\n<li>ett ber\u00e4ttigat intresse fr\u00e5n b\u00e5da parter.<\/li>\n<li>att personuppgifterna beh\u00f6vs f\u00f6r att vi ska kunna leva upp till de avtal om v\u00e5ra produkter och tj\u00e4nster som vi har med dig som kund, eller att kunna \u00e5terkoppla till dig som tagit kontakt med oss.<\/li>\n<\/ul>\n<\/div><div class=\"fusion-title title fusion-title-6 fusion-sep-none fusion-title-text fusion-title-size-three\" style=\"--awb-margin-bottom:0px;--awb-margin-bottom-small:0px;--awb-font-size:40px;\"><h3 class=\"title-heading-left fusion-responsive-typography-calculated\" style=\"margin:0;font-size:1em;--fontSize:40;line-height:var(--awb-typography1-line-height);\">Vi samlar in och hanterar f\u00f6ljande personuppgifter:<\/h3><\/div><div class=\"fusion-separator\" style=\"align-self: flex-start;margin-right:auto;margin-top:12px;margin-bottom:12px;width:100%;max-width:90px;\"><div class=\"fusion-separator-border sep-single sep-solid\" style=\"border-color:#00078a;border-top-width:1px;\"><\/div><\/div><div class=\"fusion-text fusion-text-6\" style=\"--awb-text-transform:none;\"><ul>\n<li>f\u00f6rnamn<\/li>\n<li>efternamn<\/li>\n<li>e-post<\/li>\n<\/ul>\n<p>Du har r\u00e4tt att f\u00e5 veta om dina personuppgifter behandlas av Art Cube och att f\u00e5 felaktiga uppgifter r\u00e4ttade, raderade eller flyttade.<\/p>\n<\/div><div class=\"fusion-title title fusion-title-7 fusion-sep-none fusion-title-text fusion-title-size-two\" style=\"--awb-margin-bottom:0px;--awb-margin-bottom-small:0px;--awb-font-size:40px;\"><h2 class=\"title-heading-left fusion-responsive-typography-calculated\" style=\"margin:0;font-size:1em;--fontSize:40;line-height:var(--awb-typography1-line-height);\">Webbplatsen skyddas av Google reCAPTCHA<\/h2><\/div><div class=\"fusion-separator\" style=\"align-self: flex-start;margin-right:auto;margin-top:12px;margin-bottom:12px;width:100%;max-width:90px;\"><div class=\"fusion-separator-border sep-single sep-solid\" style=\"border-color:#00078a;border-top-width:1px;\"><\/div><\/div><div class=\"fusion-text fusion-text-7\" style=\"--awb-text-transform:none;\"><p>Den h\u00e4r webbplatsen skyddas av reCAPTCHA och Googles sekretesspolicy och anv\u00e4ndarvillkor g\u00e4ller.<\/p>\n<p><a href=\"https:\/\/policies.google.com\/privacy?hl=sv\" target=\"_blank\" rel=\"noopener\">Klicka h\u00e4r f\u00f6r Googles sekretesspolicy &gt;<\/a><\/p>\n<p><a href=\"https:\/\/policies.google.com\/terms?hl=sv\" target=\"_blank\" rel=\"noopener\">Klicka h\u00e4r f\u00f6r Googles villkor &gt;<\/a><\/p>\n<\/div><div class=\"fusion-title title fusion-title-8 fusion-sep-none fusion-title-text fusion-title-size-two\" style=\"--awb-margin-bottom:0px;--awb-margin-bottom-small:0px;--awb-font-size:40px;\"><h2 class=\"title-heading-left fusion-responsive-typography-calculated\" style=\"margin:0;font-size:1em;--fontSize:40;line-height:var(--awb-typography1-line-height);\">Webbplatsen lagrar ocks\u00e5 cookies i din webbl\u00e4sare<\/h2><\/div><div class=\"fusion-separator\" style=\"align-self: flex-start;margin-right:auto;margin-top:12px;margin-bottom:12px;width:100%;max-width:90px;\"><div class=\"fusion-separator-border sep-single sep-solid\" style=\"border-color:#00078a;border-top-width:1px;\"><\/div><\/div><div class=\"fusion-text fusion-text-8\" style=\"--awb-text-transform:none;\"><p>Du kan l\u00e4sa mer ing\u00e5ende om de cookies vi anv\u00e4nder l\u00e4ngre ner p\u00e5 denna sida. De olika typer av cookies vi anv\u00e4nder \u00e4r f\u00f6ljande:<\/p>\n<ul>\n<li>N\u00f6dv\u00e4ndiga cookies (Cookies som kr\u00e4vs f\u00f6r att sajten ska fungera men som inte anv\u00e4nds f\u00f6r att identifiera en person.)<\/li>\n<li>Cookies f\u00f6r statistik och marknadsf\u00f6ring<\/li>\n<\/ul>\n<\/div><div class=\"fusion-title title fusion-title-9 fusion-sep-none fusion-title-text fusion-title-size-two\" style=\"--awb-margin-bottom:0px;--awb-margin-bottom-small:0px;--awb-font-size:40px;\"><h2 class=\"title-heading-left fusion-responsive-typography-calculated\" style=\"margin:0;font-size:1em;--fontSize:40;line-height:var(--awb-typography1-line-height);\">Informationsdelning med tredje part<\/h2><\/div><div class=\"fusion-separator\" style=\"align-self: flex-start;margin-right:auto;margin-top:12px;margin-bottom:12px;width:100%;max-width:90px;\"><div class=\"fusion-separator-border sep-single sep-solid\" style=\"border-color:#00078a;border-top-width:1px;\"><\/div><\/div><div class=\"fusion-text fusion-text-9\" style=\"--awb-text-transform:none;\"><p>Vi delar endast personligt identifierbar information med betrodda samarbetspartners i de fall det \u00e4r v\u00e4sentligt f\u00f6r att vi ska kunna utf\u00f6ra v\u00e5ra tj\u00e4nster. Vi st\u00e4ller h\u00f6ga krav p\u00e5 att v\u00e5ra partners behandlar din personliga information med samma integritet och s\u00e4kerhet som vi sj\u00e4lva g\u00f6r, och till\u00e5ter inte under n\u00e5gra som helst omst\u00e4ndigheter att samarbetspartners eller underleverant\u00f6rer anv\u00e4nder delade personuppgifter i andra syften \u00e4n de som Art Cube har definierat.<\/p>\n<\/div><div class=\"fusion-title title fusion-title-10 fusion-sep-none fusion-title-text fusion-title-size-two\" style=\"--awb-margin-bottom:0px;--awb-margin-bottom-small:0px;--awb-font-size:40px;\"><h2 class=\"title-heading-left fusion-responsive-typography-calculated\" style=\"margin:0;font-size:1em;--fontSize:40;line-height:var(--awb-typography1-line-height);\">Personuppgiftsansvarig p\u00e5 Art Cube<\/h2><\/div><div class=\"fusion-separator\" style=\"align-self: flex-start;margin-right:auto;margin-top:12px;margin-bottom:12px;width:100%;max-width:90px;\"><div class=\"fusion-separator-border sep-single sep-solid\" style=\"border-color:#00078a;border-top-width:1px;\"><\/div><\/div><div class=\"fusion-text fusion-text-10\" style=\"--awb-text-transform:none;\"><p>F\u00f6r fr\u00e5gor om hur vi hanterar personuppgifter, kontakta:<\/p>\n<p>Melissa<br \/>\ninfo@artcubeeurope.com<\/p>\n<p>Delningsfunktioner och inb\u00e4ddat material fr\u00e5n sociala medier som kan f\u00f6rekomma p\u00e5 webbplatsen och d\u00e4rmed m\u00f6jligg\u00f6r f\u00f6r f\u00f6ljande leverant\u00f6rer av sociala medier att inh\u00e4mta data som identifierar dig n\u00e4r du bes\u00f6ker v\u00e5r webbplats:<\/p>\n<\/div><div class=\"fusion-title title fusion-title-11 fusion-sep-none fusion-title-text fusion-title-size-three\" style=\"--awb-margin-bottom:0px;--awb-margin-bottom-small:0px;--awb-font-size:40px;\"><h3 class=\"title-heading-left fusion-responsive-typography-calculated\" style=\"margin:0;font-size:1em;--fontSize:40;line-height:var(--awb-typography1-line-height);\">Google och YouTube<\/h3><\/div><div class=\"fusion-separator\" style=\"align-self: flex-start;margin-right:auto;margin-top:12px;margin-bottom:12px;width:100%;max-width:90px;\"><div class=\"fusion-separator-border sep-single sep-solid\" style=\"border-color:#00078a;border-top-width:1px;\"><\/div><\/div><div class=\"fusion-text fusion-text-11\" style=\"--awb-text-transform:none;\"><p>Google- eller YouTube-funktioner som kan integreras i v\u00e5r webbplats och l\u00e4sa eller lagra cookies f\u00f6r Googles eller YouTubes r\u00e4kning:<\/p>\n<ul>\n<li>YouTubes videospelare (g\u00f6r det m\u00f6jligt att se YouTube-videor p\u00e5 v\u00e5r webbplats)<\/li>\n<li>Google+1-knappen (g\u00f6r s\u00e5 att anv\u00e4ndaren kan tagga objektet p\u00e5 sitt Google+-konto)<\/li>\n<li>Logga in p\u00e5 Google (g\u00f6r s\u00e5 att anv\u00e4ndaren kan logga in p\u00e5 sitt Google-konto och interagera med v\u00e5r webbplats via det kontot)<\/li>\n<\/ul>\n<p><a href=\"https:\/\/policies.google.com\/privacy?hl=en&amp;gl=fr\" target=\"_blank\" rel=\"noopener\">Klicka h\u00e4r f\u00f6r Googles sekretesspolicy &gt;<\/a> (g\u00e4ller \u00e4ven f\u00f6r YouTube).<\/p>\n<\/div><div class=\"fusion-title title fusion-title-12 fusion-sep-none fusion-title-text fusion-title-size-three\" style=\"--awb-margin-bottom:0px;--awb-margin-bottom-small:0px;--awb-font-size:40px;\"><h3 class=\"title-heading-left fusion-responsive-typography-calculated\" style=\"margin:0;font-size:1em;--fontSize:40;line-height:var(--awb-typography1-line-height);\">Facebook<\/h3><\/div><div class=\"fusion-separator\" style=\"align-self: flex-start;margin-right:auto;margin-top:12px;margin-bottom:12px;width:100%;max-width:90px;\"><div class=\"fusion-separator-border sep-single sep-solid\" style=\"border-color:#00078a;border-top-width:1px;\"><\/div><\/div><div class=\"fusion-text fusion-text-12\" style=\"--awb-text-transform:none;\"><p>Facebook-funktioner som kan komma att integreras p\u00e5 v\u00e5r webbplats och l\u00e4sa eller lagra cookies f\u00f6r Facebooks r\u00e4kning:<\/p>\n<ul>\n<li>Gilla-knappen (g\u00f6r det m\u00f6jligt att gilla objektet p\u00e5 Facebook)<\/li>\n<li>Facebook Dela (g\u00f6r det m\u00f6jligt att dela objektet p\u00e5 Facebook)<\/li>\n<li>Facebook Social Graph (g\u00f6r s\u00e5 att v\u00e5r webbplats kan h\u00e4mta inslag fr\u00e5n Facebook till v\u00e5r webbplats, till exempel profilbilder)<\/li>\n<\/ul>\n<p><a href=\"https:\/\/www.facebook.com\/about\/privacy\/\" target=\"_blank\" rel=\"noopener\">Klicka h\u00e4r f\u00f6r att se Facebooks datapolicy &gt;<\/a><\/p>\n<p><a href=\"https:\/\/www.facebook.com\/policies\/cookies\/\" target=\"_blank\" rel=\"noopener\">Klicka h\u00e4r f\u00f6r mer information om Facebooks cookies &gt;<\/a><\/p>\n<\/div><div class=\"fusion-title title fusion-title-13 fusion-sep-none fusion-title-text fusion-title-size-three\" style=\"--awb-margin-bottom:0px;--awb-margin-bottom-small:0px;--awb-font-size:40px;\"><h3 class=\"title-heading-left fusion-responsive-typography-calculated\" style=\"margin:0;font-size:1em;--fontSize:40;line-height:var(--awb-typography1-line-height);\">Instagram<\/h3><\/div><div class=\"fusion-separator\" style=\"align-self: flex-start;margin-right:auto;margin-top:12px;margin-bottom:12px;width:100%;max-width:90px;\"><div class=\"fusion-separator-border sep-single sep-solid\" style=\"border-color:#00078a;border-top-width:1px;\"><\/div><\/div><div class=\"fusion-text fusion-text-13\" style=\"--awb-text-transform:none;\"><p>Instagram-funktioner som kan komma att integreras p\u00e5 v\u00e5r webbplats och l\u00e4sa eller lagra cookies f\u00f6r Instagrams r\u00e4kning:<\/p>\n<ul>\n<li>Logga in p\u00e5 Instagram (g\u00f6r s\u00e5 att anv\u00e4ndaren kan logga in p\u00e5 sitt Instagram-konto och interagera med v\u00e5r webbplats via det kontot)<\/li>\n<\/ul>\n<p><a href=\"https:\/\/help.instagram.com\/155833707900388#\" target=\"_blank\" rel=\"noopener\">Klicka h\u00e4r f\u00f6r att se Instagrams sekretesspolicy &gt;<\/a><\/p>\n<\/div><div class=\"fusion-title title fusion-title-14 fusion-sep-none fusion-title-text fusion-title-size-two\" style=\"--awb-margin-bottom:0px;--awb-margin-bottom-small:0px;--awb-font-size:40px;\"><h2 class=\"title-heading-left fusion-responsive-typography-calculated\" style=\"margin:0;font-size:1em;--fontSize:40;line-height:var(--awb-typography1-line-height);\">Cookie-inst\u00e4llningar<\/h2><\/div><div class=\"fusion-separator\" style=\"align-self: flex-start;margin-right:auto;margin-top:12px;margin-bottom:12px;width:100%;max-width:90px;\"><div class=\"fusion-separator-border sep-single sep-solid\" style=\"border-color:#00078a;border-top-width:1px;\"><\/div><\/div><div class=\"fusion-text fusion-text-14\" style=\"--awb-text-transform:none;\"><p>Cookie-inst\u00e4llningar. Vi anv\u00e4nder enhetsidentifierare f\u00f6r att anpassa inneh\u00e5llet och annonserna till anv\u00e4ndarna, tillhandah\u00e5lla funktioner f\u00f6r sociala medier och analysera v\u00e5r trafik. Vi vidarebefordrar \u00e4ven s\u00e5dana identifierare och annan information fr\u00e5n din enhet till de sociala medier och annons- och analysf\u00f6retag som vi samarbetar med. Dessa kan i sin tur kombinera informationen med annan information som du har tillhandah\u00e5llit eller som de har samlat in n\u00e4r du har anv\u00e4nt deras tj\u00e4nster. Du godk\u00e4nner v\u00e5ra cookies vid fortsatt anv\u00e4ndande av v\u00e5r webbplats.<\/p>\n<p>Cookies \u00e4r sm\u00e5 textfiler som kan anv\u00e4ndas av webbplatser f\u00f6r att g\u00f6ra en anv\u00e4ndares upplevelse mer effektiv.<\/p>\n<p>Lagen s\u00e4ger att vi f\u00e5r lagra cookies p\u00e5 din enhet om de \u00e4r absolut n\u00f6dv\u00e4ndiga f\u00f6r att kunna anv\u00e4nda den h\u00e4r webbplatsen. F\u00f6r alla andra \u00e4ndam\u00e5l kr\u00e4vs ditt medgivande.<\/p>\n<p>Denna webbplats anv\u00e4nder olika typer av cookies. Vissa cookies placeras ut av tredjepartstj\u00e4nster som visas p\u00e5 v\u00e5ra sidor.<\/p>\n<p>Du kan \u00e4ndra eller dra tillbaka ditt samtycke till cookie-f\u00f6rklaringen p\u00e5 v\u00e5r webbplats.<\/p>\n<p>L\u00e4s mer i v\u00e5r sekretesspolicy om vilka vi \u00e4r, hur du kontaktar oss och p\u00e5 vilket s\u00e4tt vi behandlar personuppgifter.<\/p>\n<p>Ditt samtycke g\u00e4ller f\u00f6r f\u00f6ljande dom\u00e4ner: artcubeeurope.com<\/p>\n<\/div><div class=\"fusion-text fusion-text-15\" style=\"--awb-text-transform:none;\"><p>Den h\u00e4r webbplatsen kommer att skapa en cookie med namnet &#8221;<strong>privacy_embeds<\/strong>&#8221; p\u00e5 anv\u00e4ndarklienter som anv\u00e4nder den h\u00e4r webbplatsen f\u00f6r att hantera och lagra anv\u00e4ndarens samtycke f\u00f6r att ladda olika tredjepartsinb\u00e4ddningar och sp\u00e5rningsskript.<\/p>\n<\/div><div class=\"fusion-text fusion-text-16\" style=\"--awb-text-transform:none;--awb-margin-top:20px;\"><p><strong>N\u00f6dv\u00e4ndig<\/strong><\/p>\n<p>N\u00f6dv\u00e4ndiga cookies l\u00e5ter dig anv\u00e4nda webbplatsen genom att aktivera grundl\u00e4ggande funktioner, s\u00e5som sidnavigering och \u00e5tkomst till s\u00e4kra omr\u00e5den p\u00e5 webbplatsen. Webbplatsen fungerar inte korrekt utan dessa cookies.<\/p>\n<\/div>\n<div class=\"table-1\">\n<table width=\"100%\">\n<thead>\n<tr>\n<th align=\"left\">Namn p\u00e5 cookie(s)<\/th>\n<th align=\"left\">Syfte<\/th>\n<th align=\"left\">Varaktighet<\/th>\n<th align=\"left\">Typ<\/th>\n<\/tr>\n<\/thead>\n<tbody>\n<tr>\n<td align=\"left\">privacy_embeds<\/td>\n<td align=\"left\">This site will create a cookie with the name \u201dprivacy_embeds\u201d on user clients browsing this site to manage and store user consent to load the different third party embeds and tracking script.<\/td>\n<td align=\"left\">30 dagar<\/td>\n<td align=\"left\">Funktionell<\/td>\n<\/tr>\n<\/tbody>\n<\/table>\n<\/div>\n<div class=\"fusion-text fusion-text-17\" style=\"--awb-text-transform:none;--awb-margin-top:20px;\"><p><strong>Statistik<\/strong><\/p>\n<p>Cookies f\u00f6r statistik hj\u00e4lper en webbplats\u00e4gare att f\u00f6rst\u00e5 hur bes\u00f6kare interagerar med webbplatser genom att samla och rapportera in information anonymt.<\/p>\n<\/div>\n<div class=\"table-1\">\n<table width=\"100%\">\n<thead>\n<tr>\n<th align=\"left\">Namn p\u00e5 cookie(s)<\/th>\n<th align=\"left\">Syfte<\/th>\n<th align=\"left\">Varaktighet<\/th>\n<th align=\"left\">Typ<\/th>\n<\/tr>\n<\/thead>\n<tbody>\n<tr>\n<td align=\"left\">_ga<\/td>\n<td align=\"left\">Google analytics, _ga anv\u00e4nds f\u00f6r att f\u00f6rst\u00e5 hur bes\u00f6karen navigerar runt p\u00e5 webbplatsen<\/td>\n<td align=\"left\">2 \u00e5r<\/td>\n<td align=\"left\">Analytisk, HTTP, Cookie<\/td>\n<\/tr>\n<tr>\n<td align=\"left\">_ga_#<\/td>\n<td align=\"left\">Used by Google Analytics to collect data on the number of times a user has visited the website as well as dates for the first and most recent visit.<\/td>\n<td align=\"left\">2 \u00e5r<\/td>\n<td align=\"left\">Analytisk, HTTP, Cookie<\/td>\n<\/tr>\n<tr>\n<td align=\"left\">_gat<\/td>\n<td align=\"left\">Used by Google Analytics to throttle request rate<\/td>\n<td align=\"left\">1 dag<\/td>\n<td align=\"left\">HTTP, Cookie<\/td>\n<\/tr>\n<tr>\n<td align=\"left\">_gid<\/td>\n<td align=\"left\">Google analytics, _gid anv\u00e4nds f\u00f6r att f\u00f6rst\u00e5 hur bes\u00f6karen navigerar runt p\u00e5 webbplatsen<\/td>\n<td align=\"left\">1 dag<\/td>\n<td align=\"left\">HTTP, Cookie<\/td>\n<\/tr>\n<tr>\n<td align=\"left\">collect<\/td>\n<td align=\"left\">Used to send data to Google Analytics about the visitor&#8217;s device and behavior. Tracks the visitor across devices and marketing channels.<\/td>\n<td align=\"left\">Session<\/td>\n<td align=\"left\">Pixel, Tracker<\/td>\n<\/tr>\n<\/tbody>\n<\/table>\n<\/div>\n<\/div><\/div><div class=\"fusion-layout-column fusion_builder_column fusion-builder-column-2 fusion-flex-column fusion-no-small-visibility fusion-no-medium-visibility\" style=\"--awb-bg-size:cover;--awb-width-large:15%;--awb-spacing-right-large:12.8%;--awb-spacing-left-large:12.8%;--awb-width-medium:15%;--awb-order-medium:0;--awb-spacing-right-medium:12.8%;--awb-spacing-left-medium:12.8%;--awb-width-small:100%;--awb-order-small:0;--awb-spacing-right-small:1.92%;--awb-spacing-left-small:1.92%;\"><div class=\"fusion-column-wrapper fusion-column-has-shadow fusion-flex-justify-content-flex-start fusion-content-layout-column\"><\/div><\/div><\/div><\/div>\n","protected":false},"excerpt":{"rendered":"","protected":false},"author":1,"featured_media":0,"parent":0,"menu_order":0,"comment_status":"closed","ping_status":"closed","template":"100-width.php","meta":[],"_links":{"self":[{"href":"https:\/\/artcube.webdezign.se\/sv\/wp-json\/wp\/v2\/pages\/504"}],"collection":[{"href":"https:\/\/artcube.webdezign.se\/sv\/wp-json\/wp\/v2\/pages"}],"about":[{"href":"https:\/\/artcube.webdezign.se\/sv\/wp-json\/wp\/v2\/types\/page"}],"author":[{"embeddable":true,"href":"https:\/\/artcube.webdezign.se\/sv\/wp-json\/wp\/v2\/users\/1"}],"replies":[{"embeddable":true,"href":"https:\/\/artcube.webdezign.se\/sv\/wp-json\/wp\/v2\/comments?post=504"}],"version-history":[{"count":11,"href":"https:\/\/artcube.webdezign.se\/sv\/wp-json\/wp\/v2\/pages\/504\/revisions"}],"predecessor-version":[{"id":563,"href":"https:\/\/artcube.webdezign.se\/sv\/wp-json\/wp\/v2\/pages\/504\/revisions\/563"}],"wp:attachment":[{"href":"https:\/\/artcube.webdezign.se\/sv\/wp-json\/wp\/v2\/media?parent=504"}],"curies":[{"name":"wp","href":"https:\/\/api.w.org\/{rel}","templated":true}]}}