{"id":571,"date":"2023-01-09T11:16:07","date_gmt":"2023-01-09T10:16:07","guid":{"rendered":"https:\/\/artcube.webdezign.se\/products\/"},"modified":"2023-01-17T13:31:06","modified_gmt":"2023-01-17T12:31:06","slug":"produkter","status":"publish","type":"page","link":"https:\/\/artcube.webdezign.se\/sv\/produkter\/","title":{"rendered":"Produkter"},"content":{"rendered":"<p><div class=\"fusion-fullwidth fullwidth-box fusion-builder-row-1 fusion-flex-container has-pattern-background has-mask-background fusion-parallax-none nonhundred-percent-fullwidth non-hundred-percent-height-scrolling\" style=\"--awb-background-repeat:repeat;--awb-border-radius-top-left:0px;--awb-border-radius-top-right:0px;--awb-border-radius-bottom-right:0px;--awb-border-radius-bottom-left:0px;--awb-padding-top:80px;--awb-padding-bottom:60px;--awb-padding-right-small:15px;--awb-padding-left-small:15px;--awb-background-color:#282828;--awb-background-image:url(&quot;https:\/\/artcube.webdezign.se\/wp-content\/uploads\/2023\/01\/concrete_wall_2.png&quot;);\" ><div class=\"fusion-builder-row fusion-row fusion-flex-align-items-flex-start\" style=\"max-width:1212px;margin-left: calc(-1% \/ 2 );margin-right: calc(-1% \/ 2 );\"><div class=\"fusion-layout-column fusion_builder_column fusion-builder-column-0 fusion-flex-column fusion-no-small-visibility fusion-no-medium-visibility\" style=\"--awb-bg-size:cover;--awb-width-large:15%;--awb-spacing-right-large:3.3%;--awb-margin-bottom-large:0px;--awb-spacing-left-large:3.3%;--awb-width-medium:10%;--awb-order-medium:0;--awb-spacing-right-medium:4.95%;--awb-spacing-left-medium:4.95%;--awb-width-small:100%;--awb-order-small:0;--awb-spacing-right-small:0.495%;--awb-spacing-left-small:0.495%;\"><div class=\"fusion-column-wrapper fusion-column-has-shadow fusion-flex-justify-content-center fusion-content-layout-column\"><\/div><\/div><div class=\"fusion-layout-column fusion_builder_column fusion-builder-column-1 fusion-flex-column\" style=\"--awb-bg-size:cover;--awb-border-color:#bbbcbc;--awb-border-style:solid;--awb-width-large:70%;--awb-spacing-right-large:0.70714285714286%;--awb-margin-bottom-large:0px;--awb-spacing-left-large:0.70714285714286%;--awb-width-medium:80%;--awb-order-medium:0;--awb-spacing-right-medium:0.61875%;--awb-spacing-left-medium:0.61875%;--awb-width-small:100%;--awb-order-small:0;--awb-spacing-right-small:0.495%;--awb-spacing-left-small:0.495%;\"><div class=\"fusion-column-wrapper fusion-column-has-shadow fusion-flex-justify-content-flex-start fusion-content-layout-column\"><div class=\"fusion-title title fusion-title-1 fusion-sep-none fusion-title-text fusion-title-size-one\" style=\"--awb-margin-top:0px;--awb-margin-bottom:0px;--awb-margin-top-small:0px;--awb-margin-bottom-small:0px;--awb-margin-top-medium:0px;\"><h1 class=\"title-heading-left fusion-responsive-typography-calculated\" style=\"margin:0;--fontSize:46;line-height:var(--awb-typography1-line-height);\">Produkter<\/h1><\/div><div class=\"fusion-separator fusion-has-icon\" style=\"align-self: flex-start;margin-right:auto;margin-top:8px;margin-bottom:8px;width:100%;max-width:90px;\"><div class=\"fusion-separator-border sep-single sep-solid\" style=\"border-color:#00078a;border-top-width:1px;\"><\/div><span class=\"icon-wrapper\" style=\"border-color:transparent;font-size:16px;width: 1.75em; height: 1.75em;border-width:1px;padding:1px;margin-top:-0.5px\"><i class=\"fa-cube fas\" style=\"font-size: inherit;color:#00078a;\" aria-hidden=\"true\"><\/i><\/span><div class=\"fusion-separator-border sep-single sep-solid\" style=\"border-color:#00078a;border-top-width:1px;\"><\/div><\/div><div class=\"fusion-text fusion-text-1\"><p>Vi erbjuder ett brett utbud av helraffinerat och halvraffinerat paraffinvax. I v\u00e5r produktportf\u00f6lj har vi paraffin f\u00f6r ljus, biodling, livsmedelsindustri och andra specifika applikationer.<\/p>\n<\/div><div class=\"fusion-title title fusion-title-2 fusion-sep-none fusion-title-text fusion-title-size-two\" style=\"--awb-margin-top:20px;--awb-margin-bottom:0px;--awb-margin-top-small:0px;--awb-margin-bottom-small:0px;--awb-margin-top-medium:0px;--awb-font-size:46px;\"><h2 class=\"title-heading-left fusion-responsive-typography-calculated\" style=\"margin:0;font-size:1em;--fontSize:46;line-height:var(--awb-typography1-line-height);\">Anv\u00e4ndningsomr\u00e5den<\/h2><\/div><div class=\"fusion-separator fusion-has-icon\" style=\"align-self: flex-start;margin-right:auto;margin-top:8px;margin-bottom:8px;width:100%;max-width:90px;\"><div class=\"fusion-separator-border sep-single sep-solid\" style=\"border-color:#00078a;border-top-width:1px;\"><\/div><span class=\"icon-wrapper\" style=\"border-color:transparent;font-size:16px;width: 1.75em; height: 1.75em;border-width:1px;padding:1px;margin-top:-0.5px\"><i class=\"fa-cube fas\" style=\"font-size: inherit;color:#00078a;\" aria-hidden=\"true\"><\/i><\/span><div class=\"fusion-separator-border sep-single sep-solid\" style=\"border-color:#00078a;border-top-width:1px;\"><\/div><\/div><div class=\"fusion-text fusion-text-2\"><p>M\u00e5nga k\u00e4nner igen paraffin kopplat till ljustillverkning. Men det anv\u00e4nds ocks\u00e5 i olika industriella till\u00e4mpningar som tr\u00e4, papper, konstruktion, jordbruk, bel\u00e4ggning, sjukgymnastik, apotek och kosmetika.<\/p>\n<p>Tack vare sin unika kemiska struktur och inerta natur anv\u00e4nds den ofta i applikationer d\u00e4r vatten m\u00e5ste undvikas eller har negativa effekter. Paraffin, med sin l\u00e5ga v\u00e4rmeledningsf\u00f6rm\u00e5ga, fungerar ocks\u00e5 som ett isolerande material och spelar en viktig roll i bel\u00e4ggningar, material f\u00f6r fysioterapi och i andra medicinska till\u00e4mpningar.<\/p>\n<p>N\u00e4r det g\u00e4ller leverans av v\u00e5ra produkter erbjuder vi olika typer av f\u00f6rpackningar som ISO-tankar och IBC-tankar.<\/p>\n<\/div><div class=\"fusion-title title fusion-title-3 fusion-sep-none fusion-title-text fusion-title-size-two\" style=\"--awb-margin-top:20px;--awb-margin-bottom:0px;--awb-margin-top-small:0px;--awb-margin-bottom-small:0px;--awb-margin-top-medium:0px;--awb-font-size:46px;\"><h2 class=\"title-heading-left fusion-responsive-typography-calculated\" style=\"margin:0;font-size:1em;--fontSize:46;line-height:var(--awb-typography1-line-height);\">Tekniska specifikationer<\/h2><\/div><div class=\"fusion-separator fusion-has-icon\" style=\"align-self: flex-start;margin-right:auto;margin-top:8px;margin-bottom:8px;width:100%;max-width:90px;\"><div class=\"fusion-separator-border sep-single sep-solid\" style=\"border-color:#00078a;border-top-width:1px;\"><\/div><span class=\"icon-wrapper\" style=\"border-color:transparent;font-size:16px;width: 1.75em; height: 1.75em;border-width:1px;padding:1px;margin-top:-0.5px\"><i class=\"fa-cube fas\" style=\"font-size: inherit;color:#00078a;\" aria-hidden=\"true\"><\/i><\/span><div class=\"fusion-separator-border sep-single sep-solid\" style=\"border-color:#00078a;border-top-width:1px;\"><\/div><\/div><div class=\"fusion-text fusion-text-3\"><p><strong>Industriellt namn<\/strong>: Paraffin<\/p>\n<p><strong>Kemisk formel<\/strong>: CnH2n+2<\/p>\n<p><strong>Utseende<\/strong>: flytande paraffin \u00e4r en transparent vit v\u00e4tska och fast paraffin \u00e4r i form av en skiva. F\u00e4rg kan \u00e4ndras vid best\u00e4llning.<\/p>\n<p><strong>Produktkvalitet<\/strong>: \u00e4tbar, sanit\u00e4r och industriell<\/p>\n<p><strong>Typer av paraffin<\/strong>: flytande och fast.<\/p>\n<\/div><div class=\"fusion-title title fusion-title-4 fusion-sep-none fusion-title-text fusion-title-size-two\" style=\"--awb-margin-top:20px;--awb-margin-bottom:0px;--awb-margin-top-small:0px;--awb-margin-bottom-small:0px;--awb-margin-top-medium:0px;--awb-font-size:46px;\"><h2 class=\"title-heading-left fusion-responsive-typography-calculated\" style=\"margin:0;font-size:1em;--fontSize:46;line-height:var(--awb-typography1-line-height);\">Fast paraffin<\/h2><\/div><div class=\"fusion-separator fusion-has-icon\" style=\"align-self: flex-start;margin-right:auto;margin-top:8px;margin-bottom:8px;width:100%;max-width:90px;\"><div class=\"fusion-separator-border sep-single sep-solid\" style=\"border-color:#00078a;border-top-width:1px;\"><\/div><span class=\"icon-wrapper\" style=\"border-color:transparent;font-size:16px;width: 1.75em; height: 1.75em;border-width:1px;padding:1px;margin-top:-0.5px\"><i class=\"fa-cube fas\" style=\"font-size: inherit;color:#00078a;\" aria-hidden=\"true\"><\/i><\/span><div class=\"fusion-separator-border sep-single sep-solid\" style=\"border-color:#00078a;border-top-width:1px;\"><\/div><\/div><div class=\"fusion-text fusion-text-4\"><p>Den inneh\u00e5ller vanligtvis cirka 3 till 5 % olja, den \u00e4r vanligtvis k\u00e4nd med en mj\u00f6lkvit f\u00e4rg och har, som n\u00e4mnts, ett gel\u00e9tillst\u00e5nd. Detta material sm\u00e4lter vanligtvis vid en temperatur mellan 58 och 60 grader Celsius och fryser vid en temperatur p\u00e5 50 och 55 grader Celsius. I sj\u00e4lva verket \u00e4r detta anledningen till att vi f\u00f6r det mesta har sett detta \u00e4mne i fast form. I allm\u00e4nhet kan fast paraffin delas in i tre kategorier: \u00e4tbart paraffin, sanit\u00e4rt paraffin och industriparaffin.<\/p>\n<\/div><div class=\"fusion-title title fusion-title-5 fusion-sep-none fusion-title-text fusion-title-size-two\" style=\"--awb-margin-top:20px;--awb-margin-bottom:0px;--awb-margin-top-small:0px;--awb-margin-bottom-small:0px;--awb-margin-top-medium:0px;--awb-font-size:46px;\"><h2 class=\"title-heading-left fusion-responsive-typography-calculated\" style=\"margin:0;font-size:1em;--fontSize:46;line-height:var(--awb-typography1-line-height);\">Flytande paraffin<\/h2><\/div><div class=\"fusion-separator fusion-has-icon\" style=\"align-self: flex-start;margin-right:auto;margin-top:8px;margin-bottom:8px;width:100%;max-width:90px;\"><div class=\"fusion-separator-border sep-single sep-solid\" style=\"border-color:#00078a;border-top-width:1px;\"><\/div><span class=\"icon-wrapper\" style=\"border-color:transparent;font-size:16px;width: 1.75em; height: 1.75em;border-width:1px;padding:1px;margin-top:-0.5px\"><i class=\"fa-cube fas\" style=\"font-size: inherit;color:#00078a;\" aria-hidden=\"true\"><\/i><\/span><div class=\"fusion-separator-border sep-single sep-solid\" style=\"border-color:#00078a;border-top-width:1px;\"><\/div><\/div><div class=\"fusion-text fusion-text-5\"><p>Den har en vit och transparent f\u00e4rg. Denna typ av paraffin kokar vid en temperatur av 175 grader Celsius och avdunstar vid en temperatur p\u00e5 265 grader Celsius.<\/p>\n<\/div><\/div><\/div><div class=\"fusion-layout-column fusion_builder_column fusion-builder-column-2 awb-sticky awb-sticky-small awb-sticky-medium awb-sticky-large fusion-flex-column fusion-no-small-visibility\" style=\"--awb-bg-size:cover;--awb-width-large:15%;--awb-spacing-right-large:3.3%;--awb-margin-bottom-large:0px;--awb-spacing-left-large:3.3%;--awb-width-medium:10%;--awb-order-medium:1;--awb-spacing-right-medium:4.95%;--awb-spacing-left-medium:4.95%;--awb-width-small:100%;--awb-order-small:1;--awb-spacing-right-small:0.495%;--awb-spacing-left-small:0.495%;--awb-sticky-offset:20px;\"><div class=\"fusion-column-wrapper fusion-column-has-shadow fusion-flex-justify-content-flex-start fusion-content-layout-column\"><\/div><\/div><\/div><\/div><div class=\"fusion-fullwidth fullwidth-box fusion-builder-row-2 fusion-flex-container has-pattern-background has-mask-background nonhundred-percent-fullwidth non-hundred-percent-height-scrolling\" style=\"--awb-border-radius-top-left:0px;--awb-border-radius-top-right:0px;--awb-border-radius-bottom-right:0px;--awb-border-radius-bottom-left:0px;--awb-padding-top:60px;--awb-padding-bottom:30px;--awb-padding-right-small:15px;--awb-padding-left-small:15px;\" ><div class=\"fusion-builder-row fusion-row fusion-flex-align-items-flex-start\" style=\"max-width:calc( 1200px + 20px );margin-left: calc(-20px \/ 2 );margin-right: calc(-20px \/ 2 );\"><div class=\"fusion-layout-column fusion_builder_column fusion-builder-column-3 fusion-flex-column fusion-no-small-visibility fusion-no-medium-visibility\" style=\"--awb-bg-size:cover;--awb-width-large:15%;--awb-spacing-right-large:10px;--awb-margin-bottom-large:0px;--awb-spacing-left-large:10px;--awb-width-medium:15%;--awb-order-medium:0;--awb-spacing-right-medium:10px;--awb-spacing-left-medium:10px;--awb-width-small:100%;--awb-order-small:0;--awb-spacing-right-small:10px;--awb-spacing-left-small:10px;\"><div class=\"fusion-column-wrapper fusion-column-has-shadow fusion-flex-justify-content-flex-start fusion-content-layout-column\"><\/div><\/div><div class=\"fusion-layout-column fusion_builder_column fusion-builder-column-4 fusion-flex-column\" style=\"--awb-bg-size:cover;--awb-width-large:70%;--awb-spacing-right-large:10px;--awb-spacing-left-large:10px;--awb-width-medium:70%;--awb-order-medium:0;--awb-spacing-right-medium:10px;--awb-spacing-left-medium:10px;--awb-width-small:100%;--awb-order-small:0;--awb-spacing-right-small:10px;--awb-spacing-left-small:10px;\"><div class=\"fusion-column-wrapper fusion-column-has-shadow fusion-flex-justify-content-flex-start fusion-content-layout-column\"><div class=\"fusion-title title fusion-title-6 fusion-sep-none fusion-title-text fusion-title-size-three\" style=\"--awb-margin-bottom:40px;\"><h3 class=\"title-heading-left fusion-responsive-typography-calculated\" style=\"margin:0;--fontSize:30;line-height:var(--awb-typography1-line-height);\">F\u00f6r mer information, skicka kontaktf\u00f6rfr\u00e5gan!<\/h3><\/div><div class=\"wpcf7 no-js\" id=\"wpcf7-f458-o1\" lang=\"en-US\" dir=\"ltr\">\n<div class=\"screen-reader-response\"><p role=\"status\" aria-live=\"polite\" aria-atomic=\"true\"><\/p> <ul><\/ul><\/div>\n<form action=\"\/sv\/wp-json\/wp\/v2\/pages\/571#wpcf7-f458-o1\" method=\"post\" class=\"wpcf7-form init\" aria-label=\"Contact form\" novalidate=\"novalidate\" data-status=\"init\">\n<div style=\"display: none;\">\n<input type=\"hidden\" name=\"_wpcf7\" value=\"458\" \/>\n<input type=\"hidden\" name=\"_wpcf7_version\" value=\"5.7.2\" \/>\n<input type=\"hidden\" name=\"_wpcf7_locale\" value=\"en_US\" \/>\n<input type=\"hidden\" name=\"_wpcf7_unit_tag\" value=\"wpcf7-f458-o1\" \/>\n<input type=\"hidden\" name=\"_wpcf7_container_post\" value=\"0\" \/>\n<input type=\"hidden\" name=\"_wpcf7_posted_data_hash\" value=\"\" \/>\n<\/div>\n<div style=\"margin-bottom: 28px;\" class=\"fusion-one-half fusion-layout-column fusion-spacing-yes\">\n\t<p><label><span class=\"wpcf7-form-control-wrap\" data-name=\"your-name\"><input size=\"40\" class=\"wpcf7-form-control wpcf7-text wpcf7-validates-as-required\" aria-required=\"true\" aria-invalid=\"false\" placeholder=\"Namn*\" value=\"\" type=\"text\" name=\"your-name\" \/><\/span><\/label>\n\t<\/p>\n<\/div>\n<div style=\"margin-bottom: 28px;\" class=\"fusion-one-half fusion-layout-column fusion-column-last fusion-spacing-yes\">\n\t<p><label><span class=\"wpcf7-form-control-wrap\" data-name=\"your-email\"><input size=\"40\" class=\"wpcf7-form-control wpcf7-text wpcf7-email wpcf7-validates-as-required wpcf7-validates-as-email\" aria-required=\"true\" aria-invalid=\"false\" placeholder=\"E-post*\" value=\"\" type=\"email\" name=\"your-email\" \/><\/span><\/label>\n\t<\/p>\n<\/div>\n<div style=\"margin-bottom: 28px;\" class=\"fusion-one-half fusion-layout-column fusion-spacing-yes\">\n\t<p><label><span class=\"wpcf7-form-control-wrap\" data-name=\"your-phone\"><input size=\"40\" class=\"wpcf7-form-control wpcf7-text wpcf7-tel wpcf7-validates-as-required wpcf7-validates-as-tel\" aria-required=\"true\" aria-invalid=\"false\" placeholder=\"Telefon*\" value=\"\" type=\"tel\" name=\"your-phone\" \/><\/span><\/label>\n\t<\/p>\n<\/div>\n<div style=\"margin-bottom: 28px;\" class=\"fusion-one-half fusion-layout-column fusion-column-last fusion-spacing-yes\">\n\t<p><label><span class=\"wpcf7-form-control-wrap\" data-name=\"your-subject\"><input size=\"40\" class=\"wpcf7-form-control wpcf7-text wpcf7-validates-as-required\" aria-required=\"true\" aria-invalid=\"false\" placeholder=\"\u00c4mne*\" value=\"\" type=\"text\" name=\"your-subject\" \/><\/span><\/label>\n\t<\/p>\n<\/div>\n<div style=\"margin-bottom: 14px;\" class=\"fusion-one-full fusion-column-last fusion-spacing-yes\">\n\t<p><label><span class=\"wpcf7-form-control-wrap\" data-name=\"your-message\"><textarea cols=\"40\" rows=\"10\" class=\"wpcf7-form-control wpcf7-textarea wpcf7-validates-as-required\" aria-required=\"true\" aria-invalid=\"false\" placeholder=\"Ditt meddelande*\" name=\"your-message\"><\/textarea><\/span><\/label>\n\t<\/p>\n<\/div>\n<div style=\"margin-bottom: 14px;\" class=\"fusion-one-full fusion-column-last fusion-spacing-yes\">\n\t<p><label><span class=\"wpcf7-form-control-wrap\" data-name=\"acceptance-597\"><span class=\"wpcf7-form-control wpcf7-acceptance\"><span class=\"wpcf7-list-item\"><label><input type=\"checkbox\" name=\"acceptance-597\" value=\"1\" aria-invalid=\"false\" \/><span class=\"wpcf7-list-item-label\">Jag godk\u00e4nner Art Cube Europes <a href=\"https:\/\/artcube.webdezign.se\/sv\/integritetspolicy\/\" target=\"_blank\" rel=\"noopener\">integritetspolicy<\/a>.*<\/span><\/label><\/span><\/span><\/span><\/label>\n\t<\/p>\n<\/div>\n<div style=\"margin-bottom: 15px;\" class=\"fusion-one-half fusion-layout-column fusion-spacing-yes\">\n\t<p><label><input class=\"wpcf7-form-control has-spinner wpcf7-submit\" type=\"submit\" value=\"Skicka\" \/><\/label>\n\t<\/p>\n<\/div>\n<div style=\"margin-bottom: 15px;\" class=\"fusion-one-half fusion-layout-column fusion-column-last fusion-spacing-yes\">\n\t<p><label><\/label>\n\t<\/p>\n<\/div><div class=\"fusion-alert alert custom alert-custom fusion-alert-center wpcf7-response-output alert-dismissable\" style=\"--awb-border-size:1px;\" role=\"alert\"><div class=\"fusion-alert-content-wrapper\"><span class=\"fusion-alert-content\"><\/span><\/div><button type=\"button\" class=\"close toggle-alert\" data-dismiss=\"alert\" aria-label=\"Close\">&times;<\/button><\/div><\/form><\/div><\/div><\/div><div class=\"fusion-layout-column fusion_builder_column fusion-builder-column-5 fusion-flex-column fusion-no-small-visibility fusion-no-medium-visibility\" style=\"--awb-bg-size:cover;--awb-width-large:15%;--awb-spacing-right-large:10px;--awb-margin-bottom-large:0px;--awb-spacing-left-large:10px;--awb-width-medium:15%;--awb-order-medium:0;--awb-spacing-right-medium:10px;--awb-spacing-left-medium:10px;--awb-width-small:100%;--awb-order-small:0;--awb-spacing-right-small:10px;--awb-spacing-left-small:10px;\"><div class=\"fusion-column-wrapper fusion-column-has-shadow fusion-flex-justify-content-flex-start fusion-content-layout-column\"><\/div><\/div><\/div><\/div><\/p>\n","protected":false},"excerpt":{"rendered":"","protected":false},"author":1,"featured_media":0,"parent":0,"menu_order":0,"comment_status":"closed","ping_status":"closed","template":"100-width.php","meta":[],"_links":{"self":[{"href":"https:\/\/artcube.webdezign.se\/sv\/wp-json\/wp\/v2\/pages\/571"}],"collection":[{"href":"https:\/\/artcube.webdezign.se\/sv\/wp-json\/wp\/v2\/pages"}],"about":[{"href":"https:\/\/artcube.webdezign.se\/sv\/wp-json\/wp\/v2\/types\/page"}],"author":[{"embeddable":true,"href":"https:\/\/artcube.webdezign.se\/sv\/wp-json\/wp\/v2\/users\/1"}],"replies":[{"embeddable":true,"href":"https:\/\/artcube.webdezign.se\/sv\/wp-json\/wp\/v2\/comments?post=571"}],"version-history":[{"count":7,"href":"https:\/\/artcube.webdezign.se\/sv\/wp-json\/wp\/v2\/pages\/571\/revisions"}],"predecessor-version":[{"id":578,"href":"https:\/\/artcube.webdezign.se\/sv\/wp-json\/wp\/v2\/pages\/571\/revisions\/578"}],"wp:attachment":[{"href":"https:\/\/artcube.webdezign.se\/sv\/wp-json\/wp\/v2\/media?parent=571"}],"curies":[{"name":"wp","href":"https:\/\/api.w.org\/{rel}","templated":true}]}}